{"id":1520,"date":"2017-03-08T07:18:04","date_gmt":"2017-03-08T07:18:04","guid":{"rendered":"http:\/\/localhost\/wp-themes\/car-repair-services\/?page_id=2"},"modified":"2025-01-31T11:39:01","modified_gmt":"2025-01-31T10:39:01","slug":"about-us","status":"publish","type":"page","link":"https:\/\/svdemmer.de\/?page_id=1520","title":{"rendered":"\u00dcber Uns"},"content":{"rendered":"<div class=\"wpb-content-wrapper\"><p>[vc_row css=&#8221;.vc_custom_1516675792626{padding-bottom: 20px !important;}&#8221;][vc_column][vc_row_inner el_class=&#8221;abot-txt&#8221; css=&#8221;.vc_custom_1561657646864{background-color: #f5f5f5 !important;}&#8221;][vc_column_inner width=&#8221;7\/12&#8243;][vc_single_image image=&#8221;2585&#8243; img_size=&#8221;full&#8221;][\/vc_column_inner][vc_column_inner el_class=&#8221;about-us-after-image&#8221; width=&#8221;5\/12&#8243;][vc_column_text]<\/p>\n<h4><i>Qualit\u00e4t kennt keine Grenzen<\/i><\/h4>\n<p class=\"headline font-inherit fontsize-m fontweight-inherit lh-inherit align-center transform-inherit \">Seit Jahren betreibt unser Team am Standort in Siegen und Burbach die Kfz.-Pr\u00fcfstelle und das Sachverst\u00e4ndigenb\u00fcro Dipl.-Ing. Andreas Demmer.<\/p>\n<p class=\"headline font-inherit fontsize-m fontweight-inherit lh-inherit align-center transform-inherit \">Eine hohe Qualit\u00e4t unserer Dienstleistungen, Kundenzufriedenheit und ein gesundes Ma\u00df an Flexibilit\u00e4t treibt unser Team nach dem Motto \u201e Mehr Service f\u00fcr Sicherheit\u201c t\u00e4glich aufs Neue an.<\/p>\n<h6 class=\"headline font-inherit fontsize-m fontweight-inherit lh-inherit align-center transform-inherit \">Wir freuen uns auf Ihren Besuch.<\/h6>\n<p>[\/vc_column_text][\/vc_column_inner][\/vc_row_inner][\/vc_column][\/vc_row]<\/p>\n<p>[vc_row el_class=&#8221;meet-area-txt about-us-teammember&#8221;][vc_column][vc_column_text]<\/p>\n<h2 class=\"h-lg text-center\">Das Team<\/h2>\n<p class=\"info text-center\">F\u00fcr den Service den Sie verdienen.<\/p>\n<p>[\/vc_column_text][vc_empty_space height=&#8221;48px&#8221;][\/vc_column][\/vc_row]<\/p>\n<p>[vc_row][vc_column][vc_row_inner][vc_column_inner width=&#8221;1\/4&#8243;][\/vc_column_inner][vc_column_inner width=&#8221;1\/2&#8243;][vc_single_image image=&#8221;2577&#8243; img_size=&#8221;large&#8221; el_class=&#8221;image image-scale-color&#8221;][\/vc_column_inner][vc_column_inner width=&#8221;1\/4&#8243;][\/vc_column_inner][\/vc_row_inner][\/vc_column][\/vc_row]<\/p>\n<p>[vc_row css=&#8221;.vc_custom_1561657662341{background-color: #f5f5f5 !important;}&#8221;][vc_column width=&#8221;1\/1&#8243;][vc_column_text css=&#8221;.vc_custom_1561657729745{padding-right: 20px !important;padding-left: 20px !important;}&#8221;]<\/p>\n<p>Seit 2012 bis Ende 2024 hat Dipl.-Ing. Andreas Demmer die Gesch\u00e4fte des Sachverst\u00e4ndigenb\u00fcro Demmer geleitet und zu dem gemacht, was die Firma heute ist.<\/p>\n<p>Aus Sicht von Herrn Demmer war es wichtig, fr\u00fchzeitig die Weichen zu stellen, wie es mit dem Ingenieurb\u00fcro Demmer mittel- und langfristig in der Zukunft weitergeht. Daher ist er froh, in den eigenen Reihen zwei kompetente Mitarbeiter gefunden zu haben, welche die Firma in seinem Sinne weiterf\u00fchren. Gerd Tenne und Steven Schuppert haben zum 01.01.2025 die Gesch\u00e4ftsf\u00fchrung der Firma \u00fcbernommen und mit Unterst\u00fctzung von Herrn Demmer werden die Geschicke der neu gegr\u00fcndeten GmbH in Zukunft geleitet.<\/p>\n<p>Uns allen ist es wichtig, die Werte und die hohe Qualit\u00e4t, die das Unternehmen seit vielen Jahren auszeichnen, zu bewahren und gleichzeitig auf die zuk\u00fcnftigen Herausforderungen flexibel und zukunftsorientiert einzugehen.<\/p>\n<p>[\/vc_column_text][vc_empty_space height=&#8221;48px&#8221;][\/vc_column][\/vc_row][vc_row][vc_column][vc_row_inner][vc_column_inner width=&#8221;1\/4&#8243;][vc_single_image image=&#8221;2584&#8243; img_size=&#8221;large&#8221; el_class=&#8221;image image-scale-color&#8221;][\/vc_column_inner][vc_column_inner width=&#8221;1\/4&#8243;][vc_column_text]<\/p>\n<div class=\"person-info\">\n<h5 class=\"name\">Steven Schuppert<\/h5>\n<h6 class=\"position\">Gesch\u00e4ftsf\u00fchrer \/ Schadengutachter<\/h6>\n<h6 class=\"position\"><span style=\"font-size: 16px; color: #292929;\">[\/vc_column_text][\/vc_column_inner][\/vc_row_inner]<\/span><span style=\"font-size: 16px; color: #292929;\">[vc_row_inner][vc_column_inner width=&#8221;1\/4&#8243;]<\/span><span style=\"font-size: 16px; color: #292929;\">[vc_single_image image=&#8221;2576&#8243; img_size=&#8221;large&#8221; el_class=&#8221;image image-scale-color&#8221;]<\/span><span style=\"font-size: 16px; color: #292929;\">[\/vc_column_inner]<\/span><span style=\"font-size: 16px; color: #292929;\">[vc_column_inner width=&#8221;1\/4&#8243;][vc_column_text]<\/span><\/h6>\n<\/div>\n<div>\n<div class=\"person-info\">\n<h5 class=\"name\">Gerd Tenne<\/h5>\n<h6 class=\"position\">Gesch\u00e4ftsf\u00fchrer \/ Pr\u00fcfingenieur<\/h6>\n<p>Pr\u00fcfingenieur, Gaspr\u00fcfung (DIN EN 1949)<\/p>\n<\/div>\n<\/div>\n<p>[\/vc_column_text][\/vc_column_inner][\/vc_row_inner][\/vc_column][\/vc_row][vc_row][vc_column][vc_row_inner][vc_column_inner width=&#8221;1\/4&#8243;][vc_single_image image=&#8221;2580&#8243; img_size=&#8221;large&#8221; el_class=&#8221;image image-scale-color&#8221;][\/vc_column_inner][vc_column_inner width=&#8221;1\/4&#8243;][vc_column_text]<\/p>\n<div class=\"person-info\">\n<h5 class=\"name\">Andreas Demmer<\/h5>\n<h6 class=\"position\">Pr\u00fcfingenieur \/ Kfz-Sachverst\u00e4ndiger<\/h6>\n<p>F\u00fcr Sch\u00e4den und Bewertung, Unterschriftsberechtigter Technischer Dienst, Gaspr\u00fcfung (DIN EN 1949)<\/p>\n<h6 class=\"position\"><span style=\"font-size: 16px; color: #292929;\">[\/vc_column_text][\/vc_column_inner][\/vc_row_inner]<\/span><span style=\"font-size: 16px; color: #292929;\">[vc_row_inner][vc_column_inner width=&#8221;1\/4&#8243;]<\/span><span style=\"font-size: 16px; color: #292929;\">[vc_single_image image=&#8221;2578&#8243; img_size=&#8221;large&#8221; el_class=&#8221;image image-scale-color&#8221;]<\/span><span style=\"font-size: 16px; color: #292929;\">[\/vc_column_inner]<\/span><span style=\"font-size: 16px; color: #292929;\">[vc_column_inner width=&#8221;1\/4&#8243;][vc_column_text]<\/span><\/h6>\n<\/div>\n<div>\n<div class=\"person-info\">\n<h5 class=\"name\">Guido Preisner<\/h5>\n<h6 class=\"position\">Pr\u00fcfingenieur \/ Kfz-Sachverst\u00e4ndiger<\/h6>\n<p>F\u00fcr Sch\u00e4den und Bewertung, Unterschriftsberechtigter Technischer Dienst, Gaspr\u00fcfung (DIN EN 1949)<\/p>\n<\/div>\n<\/div>\n<p>[\/vc_column_text][\/vc_column_inner][\/vc_row_inner][\/vc_column][\/vc_row][vc_row][vc_column][vc_row_inner][vc_column_inner width=&#8221;1\/4&#8243;][vc_single_image image=&#8221;2575&#8243; img_size=&#8221;large&#8221; el_class=&#8221;image image-scale-color&#8221;][\/vc_column_inner][vc_column_inner width=&#8221;1\/4&#8243;][vc_column_text]<\/p>\n<div class=\"person-info\">\n<h5 class=\"name\">Tina Schneider<\/h5>\n<h6 class=\"position\">Pr\u00fcfingenieurin<\/h6>\n<p>Pr\u00fcfingenieurin, Kfz-Sachverst\u00e4ndige f\u00fcr Sch\u00e4den und Bewertungen, Gaspr\u00fcfung (DIN EN 1949)<\/p>\n<h6 class=\"position\"><span style=\"font-size: 16px; color: #292929;\">[\/vc_column_text][\/vc_column_inner][\/vc_row_inner]<\/span><span style=\"font-size: 16px; color: #292929;\">[vc_row_inner][vc_column_inner width=&#8221;1\/4&#8243;]<\/span><span style=\"font-size: 16px; color: #292929;\">[vc_single_image image=&#8221;2581&#8243; img_size=&#8221;large&#8221; el_class=&#8221;image image-scale-color&#8221;]<\/span><span style=\"font-size: 16px; color: #292929;\">[\/vc_column_inner]<\/span><span style=\"font-size: 16px; color: #292929;\">[vc_column_inner width=&#8221;1\/4&#8243;][vc_column_text]<\/span><\/h6>\n<\/div>\n<div>\n<div class=\"person-info\">\n<h5 class=\"name\">Fritz Hoffmann<\/h5>\n<h6 class=\"position\">Pr\u00fcfingenieur<\/h6>\n<p>Pr\u00fcfingenieur, Spezialist f\u00fcr alte Traktoren, Gaspr\u00fcfung (DIN EN 1949)<\/p>\n<\/div>\n<\/div>\n<p>[\/vc_column_text][\/vc_column_inner][\/vc_row_inner][\/vc_column][\/vc_row][vc_row][vc_column][vc_row_inner][vc_column_inner width=&#8221;1\/4&#8243;][vc_single_image image=&#8221;2626&#8243; img_size=&#8221;large&#8221; el_class=&#8221;image image-scale-color&#8221;][\/vc_column_inner][vc_column_inner width=&#8221;1\/4&#8243;][vc_column_text]<\/p>\n<div class=\"person-info\">\n<h5 class=\"name\">Wolfgang Weiss<\/h5>\n<h6 class=\"position\">Pr\u00fcfingenieur<\/h6>\n<p>Pr\u00fcfingenieur, Gaspr\u00fcfung (DIN EN 1949)<\/p>\n<h6 class=\"position\"><span style=\"font-size: 16px; color: #292929;\">[\/vc_column_text][\/vc_column_inner][\/vc_row_inner]<\/span><span style=\"font-size: 16px; color: #292929;\">[vc_row_inner][vc_column_inner width=&#8221;1\/4&#8243;]<\/span><span style=\"font-size: 16px; color: #292929;\">[vc_single_image image=&#8221;2624&#8243; img_size=&#8221;large&#8221; el_class=&#8221;image image-scale-color&#8221;]<\/span><span style=\"font-size: 16px; color: #292929;\">[\/vc_column_inner]<\/span><span style=\"font-size: 16px; color: #292929;\">[vc_column_inner width=&#8221;1\/4&#8243;][vc_column_text]<\/span><\/h6>\n<\/div>\n<div>\n<div class=\"person-info\">\n<h5 class=\"name\">Martin Gaumann<\/h5>\n<h6 class=\"position\">Pr\u00fcfingenieur<\/h6>\n<p>Pr\u00fcfingenieur, Gaspr\u00fcfung (DIN EN 1949)<\/p>\n<\/div>\n<\/div>\n<p>[\/vc_column_text][\/vc_column_inner][\/vc_row_inner][\/vc_column][\/vc_row][vc_row][vc_column][vc_row_inner][vc_column_inner width=&#8221;1\/4&#8243;][vc_single_image image=&#8221;2579&#8243; img_size=&#8221;large&#8221; el_class=&#8221;image image-scale-color&#8221;][\/vc_column_inner][vc_column_inner width=&#8221;1\/4&#8243;][vc_column_text]<\/p>\n<div class=\"person-info\">\n<h5 class=\"name\">Christopher Nitsch<\/h5>\n<h6 class=\"position\">Pr\u00fcfingenieur<\/h6>\n<p>Pr\u00fcfingenieur, Gaspr\u00fcfung (DIN EN 1949)<\/p>\n<h6 class=\"position\"><span style=\"font-size: 16px; color: #292929;\">[\/vc_column_text][\/vc_column_inner][\/vc_row_inner]<\/span><span style=\"font-size: 16px; color: #292929;\">[vc_row_inner][vc_column_inner width=&#8221;1\/4&#8243;]<\/span><span style=\"font-size: 16px; color: #292929;\">[vc_single_image image=&#8221;2624&#8243; img_size=&#8221;large&#8221; el_class=&#8221;image image-scale-color&#8221;]<\/span><span style=\"font-size: 16px; color: #292929;\">[\/vc_column_inner]<\/span><span style=\"font-size: 16px; color: #292929;\">[vc_column_inner width=&#8221;1\/4&#8243;][vc_column_text]<\/span><\/h6>\n<\/div>\n<div>\n<div class=\"person-info\">\n<h5 class=\"name\">Simon Dzombowski<\/h5>\n<h6 class=\"position\">Pr\u00fcfingenieur<\/h6>\n<p>Pr\u00fcfingenieur, Gaspr\u00fcfung (DIN EN 1949)<\/p>\n<\/div>\n<\/div>\n<p>[\/vc_column_text][\/vc_column_inner][\/vc_row_inner][\/vc_column][\/vc_row][vc_row][vc_column][vc_row_inner][vc_column_inner width=&#8221;1\/4&#8243;][vc_single_image image=&#8221;2582&#8243; img_size=&#8221;large&#8221; el_class=&#8221;image image-scale-color&#8221;][\/vc_column_inner][vc_column_inner width=&#8221;1\/4&#8243;][vc_column_text]<\/p>\n<div class=\"person-info\">\n<h5 class=\"name\">Antje Haase<\/h5>\n<h6 class=\"position\">B\u00fcroleitung \/ Buchhaltung<\/h6>\n<h6 class=\"position\"><span style=\"font-size: 16px; color: #292929;\">[\/vc_column_text][\/vc_column_inner][\/vc_row_inner]<\/span><span style=\"font-size: 16px; color: #292929;\">[vc_row_inner][vc_column_inner width=&#8221;1\/4&#8243;]<\/span><span style=\"font-size: 16px; color: #292929;\">[vc_single_image image=&#8221;2625&#8243; img_size=&#8221;large&#8221; el_class=&#8221;image image-scale-color&#8221;]<\/span><span style=\"font-size: 16px; color: #292929;\">[\/vc_column_inner]<\/span><span style=\"font-size: 16px; color: #292929;\">[vc_column_inner width=&#8221;1\/4&#8243;][vc_column_text]<\/span><\/h6>\n<\/div>\n<div>\n<div class=\"person-info\">\n<h5 class=\"name\">Barbara Leicher<\/h5>\n<h6 class=\"position\">Empfang \/ Gutachtenbearbeitung<\/h6>\n<\/div>\n<\/div>\n<p>[\/vc_column_text][\/vc_column_inner][\/vc_row_inner][\/vc_column][\/vc_row][vc_row][vc_column][vc_row_inner][vc_column_inner width=&#8221;1\/4&#8243;][vc_single_image image=&#8221;2583&#8243; img_size=&#8221;large&#8221; el_class=&#8221;image image-scale-color&#8221;][\/vc_column_inner][vc_column_inner width=&#8221;1\/4&#8243;][vc_column_text]<\/p>\n<div class=\"person-info\">\n<h5 class=\"name\">Viola Schneider<\/h5>\n<h6 class=\"position\">Empfang \/ Gutachtenbearbeitung<\/h6>\n<h6 class=\"position\"><span style=\"font-size: 16px; color: #292929;\">[\/vc_column_text][\/vc_column_inner]<\/span>[\/vc_row_inner][\/vc_column][vc_empty_space height=&#8221;96px&#8221;][\/vc_row]<span style=\"font-size: 16px; color: #292929;\">[vc_row el_class=&#8221;text-center services-pages-txt about-page-last-content&#8221;][vc_column][vc_column_text]<\/span><\/h6>\n<\/div>\n<div class=\"text-center\">\n<h2 class=\"h-lg\">Sie ben\u00f6tigen Hilfe? <span class=\"color\">Rufen Sie uns an!<\/span><\/h2>\n<p class=\"info\">Unser Team ist f\u00fcr Sie da.<\/p>\n<h2 class=\"h-phone\">0271 \/ 33 10 55<\/h2>\n<\/div>\n<p>[\/vc_column_text]        <a class=\"btn btn-invert\" href=\"#\" data-toggle=\"modal\" data-target=\"#appointmentForm\"><span>Kontakt<\/span><\/a>\r\n        [\/vc_column][\/vc_row]<\/p>\n<\/div>","protected":false},"excerpt":{"rendered":"<p>[vc_row css=&#8221;.vc_custom_1516675792626{padding-bottom: 20px !important;}&#8221;][vc_column][vc_row_inner el_class=&#8221;abot-txt&#8221; css=&#8221;.vc_custom_1561657646864{background-color: #f5f5f5 !important;}&#8221;][vc_column_inner width=&#8221;7\/12&#8243;][vc_single_image image=&#8221;2585&#8243; img_size=&#8221;full&#8221;][\/vc_column_inner][vc_column_inner el_class=&#8221;about-us-after-image&#8221; width=&#8221;5\/12&#8243;][vc_column_text] Qualit\u00e4t kennt keine Grenzen Seit Jahren betreibt unser Team am Standort in Siegen und Burbach die Kfz.-Pr\u00fcfstelle und das Sachverst\u00e4ndigenb\u00fcro Dipl.-Ing. Andreas Demmer. Eine hohe Qualit\u00e4t unserer Dienstleistungen, Kundenzufriedenheit und ein gesundes Ma\u00df an Flexibilit\u00e4t treibt unser Team nach dem Motto \u201e&#8230;<\/p>\n","protected":false},"author":1,"featured_media":0,"parent":0,"menu_order":0,"comment_status":"closed","ping_status":"closed","template":"","meta":{"footnotes":""},"class_list":["post-1520","page","type-page","status-publish","hentry"],"yoast_head":"<!-- This site is optimized with the Yoast SEO plugin v27.6 - https:\/\/yoast.com\/product\/yoast-seo-wordpress\/ -->\n<title>\u00dcber Uns - SV Demmer<\/title>\n<meta name=\"robots\" content=\"index, follow, max-snippet:-1, max-image-preview:large, max-video-preview:-1\" \/>\n<link rel=\"canonical\" href=\"https:\/\/svdemmer.de\/?page_id=1520\" \/>\n<meta property=\"og:locale\" content=\"de_DE\" \/>\n<meta property=\"og:type\" content=\"article\" \/>\n<meta property=\"og:title\" content=\"\u00dcber Uns - SV Demmer\" \/>\n<meta property=\"og:description\" content=\"[vc_row css=&#8221;.vc_custom_1516675792626{padding-bottom: 20px !important;}&#8221;][vc_column][vc_row_inner el_class=&#8221;abot-txt&#8221; css=&#8221;.vc_custom_1561657646864{background-color: #f5f5f5 !important;}&#8221;][vc_column_inner width=&#8221;7\/12&#8243;][vc_single_image image=&#8221;2585&#8243; img_size=&#8221;full&#8221;][\/vc_column_inner][vc_column_inner el_class=&#8221;about-us-after-image&#8221; width=&#8221;5\/12&#8243;][vc_column_text] Qualit\u00e4t kennt keine Grenzen Seit Jahren betreibt unser Team am Standort in Siegen und Burbach die Kfz.-Pr\u00fcfstelle und das Sachverst\u00e4ndigenb\u00fcro Dipl.-Ing. Andreas Demmer. Eine hohe Qualit\u00e4t unserer Dienstleistungen, Kundenzufriedenheit und ein gesundes Ma\u00df an Flexibilit\u00e4t treibt unser Team nach dem Motto \u201e...\" \/>\n<meta property=\"og:url\" content=\"https:\/\/svdemmer.de\/?page_id=1520\" \/>\n<meta property=\"og:site_name\" content=\"SV Demmer\" \/>\n<meta property=\"article:modified_time\" content=\"2025-01-31T10:39:01+00:00\" \/>\n<meta name=\"twitter:card\" content=\"summary_large_image\" \/>\n<meta name=\"twitter:label1\" content=\"Gesch\u00e4tzte Lesezeit\" \/>\n\t<meta name=\"twitter:data1\" content=\"3\u00a0Minuten\" \/>\n<script type=\"application\/ld+json\" class=\"yoast-schema-graph\">{\"@context\":\"https:\\\/\\\/schema.org\",\"@graph\":[{\"@type\":\"WebPage\",\"@id\":\"https:\\\/\\\/svdemmer.de\\\/?page_id=1520\",\"url\":\"https:\\\/\\\/svdemmer.de\\\/?page_id=1520\",\"name\":\"\u00dcber Uns - SV Demmer\",\"isPartOf\":{\"@id\":\"https:\\\/\\\/svdemmer.de\\\/#website\"},\"datePublished\":\"2017-03-08T07:18:04+00:00\",\"dateModified\":\"2025-01-31T10:39:01+00:00\",\"breadcrumb\":{\"@id\":\"https:\\\/\\\/svdemmer.de\\\/?page_id=1520#breadcrumb\"},\"inLanguage\":\"de\",\"potentialAction\":[{\"@type\":\"ReadAction\",\"target\":[\"https:\\\/\\\/svdemmer.de\\\/?page_id=1520\"]}]},{\"@type\":\"BreadcrumbList\",\"@id\":\"https:\\\/\\\/svdemmer.de\\\/?page_id=1520#breadcrumb\",\"itemListElement\":[{\"@type\":\"ListItem\",\"position\":1,\"name\":\"Home\",\"item\":\"https:\\\/\\\/svdemmer.de\\\/\"},{\"@type\":\"ListItem\",\"position\":2,\"name\":\"\u00dcber Uns\"}]},{\"@type\":\"WebSite\",\"@id\":\"https:\\\/\\\/svdemmer.de\\\/#website\",\"url\":\"https:\\\/\\\/svdemmer.de\\\/\",\"name\":\"SV Demmer\",\"description\":\"Kfz-Sachverst\u00e4ndigenb\u00fcro\",\"potentialAction\":[{\"@type\":\"SearchAction\",\"target\":{\"@type\":\"EntryPoint\",\"urlTemplate\":\"https:\\\/\\\/svdemmer.de\\\/?s={search_term_string}\"},\"query-input\":{\"@type\":\"PropertyValueSpecification\",\"valueRequired\":true,\"valueName\":\"search_term_string\"}}],\"inLanguage\":\"de\"}]}<\/script>\n<!-- \/ Yoast SEO plugin. -->","yoast_head_json":{"title":"\u00dcber Uns - SV Demmer","robots":{"index":"index","follow":"follow","max-snippet":"max-snippet:-1","max-image-preview":"max-image-preview:large","max-video-preview":"max-video-preview:-1"},"canonical":"https:\/\/svdemmer.de\/?page_id=1520","og_locale":"de_DE","og_type":"article","og_title":"\u00dcber Uns - SV Demmer","og_description":"[vc_row css=&#8221;.vc_custom_1516675792626{padding-bottom: 20px !important;}&#8221;][vc_column][vc_row_inner el_class=&#8221;abot-txt&#8221; css=&#8221;.vc_custom_1561657646864{background-color: #f5f5f5 !important;}&#8221;][vc_column_inner width=&#8221;7\/12&#8243;][vc_single_image image=&#8221;2585&#8243; img_size=&#8221;full&#8221;][\/vc_column_inner][vc_column_inner el_class=&#8221;about-us-after-image&#8221; width=&#8221;5\/12&#8243;][vc_column_text] Qualit\u00e4t kennt keine Grenzen Seit Jahren betreibt unser Team am Standort in Siegen und Burbach die Kfz.-Pr\u00fcfstelle und das Sachverst\u00e4ndigenb\u00fcro Dipl.-Ing. Andreas Demmer. Eine hohe Qualit\u00e4t unserer Dienstleistungen, Kundenzufriedenheit und ein gesundes Ma\u00df an Flexibilit\u00e4t treibt unser Team nach dem Motto \u201e...","og_url":"https:\/\/svdemmer.de\/?page_id=1520","og_site_name":"SV Demmer","article_modified_time":"2025-01-31T10:39:01+00:00","twitter_card":"summary_large_image","twitter_misc":{"Gesch\u00e4tzte Lesezeit":"3\u00a0Minuten"},"schema":{"@context":"https:\/\/schema.org","@graph":[{"@type":"WebPage","@id":"https:\/\/svdemmer.de\/?page_id=1520","url":"https:\/\/svdemmer.de\/?page_id=1520","name":"\u00dcber Uns - SV Demmer","isPartOf":{"@id":"https:\/\/svdemmer.de\/#website"},"datePublished":"2017-03-08T07:18:04+00:00","dateModified":"2025-01-31T10:39:01+00:00","breadcrumb":{"@id":"https:\/\/svdemmer.de\/?page_id=1520#breadcrumb"},"inLanguage":"de","potentialAction":[{"@type":"ReadAction","target":["https:\/\/svdemmer.de\/?page_id=1520"]}]},{"@type":"BreadcrumbList","@id":"https:\/\/svdemmer.de\/?page_id=1520#breadcrumb","itemListElement":[{"@type":"ListItem","position":1,"name":"Home","item":"https:\/\/svdemmer.de\/"},{"@type":"ListItem","position":2,"name":"\u00dcber Uns"}]},{"@type":"WebSite","@id":"https:\/\/svdemmer.de\/#website","url":"https:\/\/svdemmer.de\/","name":"SV Demmer","description":"Kfz-Sachverst\u00e4ndigenb\u00fcro","potentialAction":[{"@type":"SearchAction","target":{"@type":"EntryPoint","urlTemplate":"https:\/\/svdemmer.de\/?s={search_term_string}"},"query-input":{"@type":"PropertyValueSpecification","valueRequired":true,"valueName":"search_term_string"}}],"inLanguage":"de"}]}},"_links":{"self":[{"href":"https:\/\/svdemmer.de\/index.php?rest_route=\/wp\/v2\/pages\/1520","targetHints":{"allow":["GET"]}}],"collection":[{"href":"https:\/\/svdemmer.de\/index.php?rest_route=\/wp\/v2\/pages"}],"about":[{"href":"https:\/\/svdemmer.de\/index.php?rest_route=\/wp\/v2\/types\/page"}],"author":[{"embeddable":true,"href":"https:\/\/svdemmer.de\/index.php?rest_route=\/wp\/v2\/users\/1"}],"replies":[{"embeddable":true,"href":"https:\/\/svdemmer.de\/index.php?rest_route=%2Fwp%2Fv2%2Fcomments&post=1520"}],"version-history":[{"count":119,"href":"https:\/\/svdemmer.de\/index.php?rest_route=\/wp\/v2\/pages\/1520\/revisions"}],"predecessor-version":[{"id":2635,"href":"https:\/\/svdemmer.de\/index.php?rest_route=\/wp\/v2\/pages\/1520\/revisions\/2635"}],"wp:attachment":[{"href":"https:\/\/svdemmer.de\/index.php?rest_route=%2Fwp%2Fv2%2Fmedia&parent=1520"}],"curies":[{"name":"wp","href":"https:\/\/api.w.org\/{rel}","templated":true}]}}