{"id":1824,"date":"2019-06-17T11:39:55","date_gmt":"2019-06-17T09:39:55","guid":{"rendered":"http:\/\/svdemmer.de\/?page_id=1824"},"modified":"2019-06-25T14:10:02","modified_gmt":"2019-06-25T12:10:02","slug":"gutachten","status":"publish","type":"page","link":"https:\/\/svdemmer.de\/?page_id=1824","title":{"rendered":"Gutachten"},"content":{"rendered":"<div class=\"wpb-content-wrapper\"><p>[vc_row][vc_column][vc_column_text]<\/p>\n<h2 class=\"headline font-special fontsize-xl fontweight-700 lh-inherit align-center transform-uppercase \" style=\"text-align: center;\"><span class=\"color\">F\u00fcr Sicherheit und Transparenz!<\/span><\/h2>\n<p class=\"info text-center\" style=\"text-align: center;\">Fahrzeuge, Oldtimer, Zubeh\u00f6r, Produkte, etc.<\/p>\n<p>[\/vc_column_text]    <div class=\"tab-content\">\r\n\r\n                <div class=\"row services-alt tab-pane fade active in\" id=\"services1\">\r\n                                <!-- post -->\r\n\r\n\t\t\t\t\t\r\n                    <div class=\"services-block-alt col-xs-6 col-sm-6 col-md-6\">\r\n                                            <div class=\"image\">\r\n                                                        <a href=\"https:\/\/svdemmer.de\/?car_services=vollgutachten\" class=\"image-scale-color\">\r\n                                <img fetchpriority=\"high\" decoding=\"async\" width=\"357\" height=\"242\" src=\"https:\/\/svdemmer.de\/wp-content\/uploads\/2014\/03\/Slider_Demmer006-357x242.jpg\" class=\"img-responsive-inline wp-post-image\" alt=\"\" \/>                            <\/a>\r\n                                                        \t\t\t\t\t\t\t\t<i class=\"icon icon-disc-brake\"><\/i>\r\n\t\t\t\t\t\t\t                            \r\n                        <\/div>\r\n                        <div class=\"caption\">\r\n                            <h3 class=\"title\">Vollgutachten<\/h3>\r\n                            <div class=\"text\">\r\n                                Vollabnahme gem\u00e4\u00df \u00a721 Stra\u00dfenverkehrs-Zulassungs-Ordnung (StVZO)                            <\/div>\r\n                                                            <a href=\"https:\/\/svdemmer.de\/?car_services=vollgutachten\" class=\"services-link icon-arrowhead-pointing-to-the-right\"><\/a>\r\n                            \r\n                        <\/div>\r\n                                            <\/div>\r\n\t\t\t\t\t\r\n                                        <!-- post -->\r\n\r\n\t\t\t\t\t\r\n                    <div class=\"services-block-alt col-xs-6 col-sm-6 col-md-6\">\r\n                                            <div class=\"image\">\r\n                                                        <a href=\"https:\/\/svdemmer.de\/?car_services=einzelabnahme\" class=\"image-scale-color\">\r\n                                <img decoding=\"async\" width=\"357\" height=\"242\" src=\"https:\/\/svdemmer.de\/wp-content\/uploads\/2017\/03\/services-img-06-357x242.jpg\" class=\"img-responsive-inline wp-post-image\" alt=\"\" \/>                            <\/a>\r\n                                                        \t\t\t\t\t\t\t\t<i class=\"icon icon-exhaust-pipe\"><\/i>\r\n\t\t\t\t\t\t\t                            \r\n                        <\/div>\r\n                        <div class=\"caption\">\r\n                            <h3 class=\"title\">Einzelabnahme<\/h3>\r\n                            <div class=\"text\">\r\n                                Eintragung gem\u00e4\u00df \u00a719.2 der Stra\u00dfenverkehrs-Zulassungs-Ordnung (StVZO)                            <\/div>\r\n                                                            <a href=\"https:\/\/svdemmer.de\/?car_services=einzelabnahme\" class=\"services-link icon-arrowhead-pointing-to-the-right\"><\/a>\r\n                            \r\n                        <\/div>\r\n                                            <\/div>\r\n\t\t\t\t\t\r\n                                        <!-- post -->\r\n\r\n\t\t\t\t\t\r\n                    <div class=\"services-block-alt col-xs-6 col-sm-6 col-md-6\">\r\n                                            <div class=\"image\">\r\n                                                        <a href=\"https:\/\/svdemmer.de\/?car_services=wertgutachten\" class=\"image-scale-color\">\r\n                                <img decoding=\"async\" width=\"357\" height=\"242\" src=\"https:\/\/svdemmer.de\/wp-content\/uploads\/2016\/03\/Slider_Demmer002-1-357x242.jpg\" class=\"img-responsive-inline wp-post-image\" alt=\"\" \/>                            <\/a>\r\n                                                        \t\t\t\t\t\t\t\t<i class=\"icon icon-car-wheel\"><\/i>\r\n\t\t\t\t\t\t\t                            \r\n                        <\/div>\r\n                        <div class=\"caption\">\r\n                            <h3 class=\"title\">Oldtimer Wertgutachten<\/h3>\r\n                            <div class=\"text\">\r\n                                Wir ermitteln f\u00fcr Sie einen pr\u00e4zisen Wert Ihres Old- und Youngtimers gem\u00e4\u00df des CLASSIC DATA Value Report.                            <\/div>\r\n                                                            <a href=\"https:\/\/svdemmer.de\/?car_services=wertgutachten\" class=\"services-link icon-arrowhead-pointing-to-the-right\"><\/a>\r\n                            \r\n                        <\/div>\r\n                                            <\/div>\r\n\t\t\t\t\t\r\n                                        <!-- post -->\r\n\r\n\t\t\t\t\t\r\n                    <div class=\"services-block-alt col-xs-6 col-sm-6 col-md-6\">\r\n                                            <div class=\"image\">\r\n                                                        <a href=\"https:\/\/svdemmer.de\/?car_services=beweissicherung\" class=\"image-scale-color\">\r\n                                <img loading=\"lazy\" decoding=\"async\" width=\"357\" height=\"242\" src=\"https:\/\/svdemmer.de\/wp-content\/uploads\/2016\/03\/Slider_Demmer008-357x242.jpg\" class=\"img-responsive-inline wp-post-image\" alt=\"\" \/>                            <\/a>\r\n                                                        \t\t\t\t\t\t\t\t<i class=\"icon icon-engine\"><\/i>\r\n\t\t\t\t\t\t\t                            \r\n                        <\/div>\r\n                        <div class=\"caption\">\r\n                            <h3 class=\"title\">Beweissicherungsgutachten<\/h3>\r\n                            <div class=\"text\">\r\n                                Zur Beschaffung von gerichtsbelastbaren Beweisen fordern Gerichte, Staatsanwaltschaften oder auch die Polizei oft technische Gutachten an.                            <\/div>\r\n                                                            <a href=\"https:\/\/svdemmer.de\/?car_services=beweissicherung\" class=\"services-link icon-arrowhead-pointing-to-the-right\"><\/a>\r\n                            \r\n                        <\/div>\r\n                                            <\/div>\r\n\t\t\t\t\t\r\n                                        <!-- post -->\r\n\r\n\t\t\t\t\t\r\n                    <div class=\"services-block-alt col-xs-6 col-sm-6 col-md-6\">\r\n                                            <div class=\"image\">\r\n                                                        <a href=\"https:\/\/svdemmer.de\/?car_services=leasingfahrzeuge\" class=\"image-scale-color\">\r\n                                <img loading=\"lazy\" decoding=\"async\" width=\"357\" height=\"242\" src=\"https:\/\/svdemmer.de\/wp-content\/uploads\/2016\/03\/Slider_Demmer009-357x242.jpg\" class=\"img-responsive-inline wp-post-image\" alt=\"\" \/>                            <\/a>\r\n                                                        \t\t\t\t\t\t\t\t<i class=\"icon icon-transport-1\"><\/i>\r\n\t\t\t\t\t\t\t                            \r\n                        <\/div>\r\n                        <div class=\"caption\">\r\n                            <h3 class=\"title\">Gutachten f\u00fcr Leasing- und Gebrauchtwagen<\/h3>\r\n                            <div class=\"text\">\r\n                                Egal ob Gebraucht- oder Leasingfahrzeug. Mit einem unabh\u00e4ngigen Gutachten sind Sie auf der sicheren Seite.                            <\/div>\r\n                                                            <a href=\"https:\/\/svdemmer.de\/?car_services=leasingfahrzeuge\" class=\"services-link icon-arrowhead-pointing-to-the-right\"><\/a>\r\n                            \r\n                        <\/div>\r\n                                            <\/div>\r\n\t\t\t\t\t\r\n                                        <!-- post -->\r\n\r\n\t\t\t\t\t\r\n                    <div class=\"services-block-alt col-xs-6 col-sm-6 col-md-6\">\r\n                                            <div class=\"image\">\r\n                                                        <a href=\"https:\/\/svdemmer.de\/?car_services=genehmigung\" class=\"image-scale-color\">\r\n                                <img loading=\"lazy\" decoding=\"async\" width=\"357\" height=\"242\" src=\"https:\/\/svdemmer.de\/wp-content\/uploads\/2016\/03\/Slider_Demmer003-357x242.jpg\" class=\"img-responsive-inline wp-post-image\" alt=\"\" \/>                            <\/a>\r\n                                                        \t\t\t\t\t\t\t\t<i class=\"icon icon-gearshift\"><\/i>\r\n\t\t\t\t\t\t\t                            \r\n                        <\/div>\r\n                        <div class=\"caption\">\r\n                            <h3 class=\"title\">Einzel- und Typgenehmigungen<\/h3>\r\n                            <div class=\"text\">\r\n                                Sie wollen ein selbstproduziertes Fahrzeug oder sogar eine ganze Fahrzeugserie auf Europas Stra\u00dfen zulassen und brauchen daf\u00fcr eine Genehmigung?                            <\/div>\r\n                                                            <a href=\"https:\/\/svdemmer.de\/?car_services=genehmigung\" class=\"services-link icon-arrowhead-pointing-to-the-right\"><\/a>\r\n                            \r\n                        <\/div>\r\n                                            <\/div>\r\n\t\t\t\t\t\r\n                                    <!-- post navigation -->\r\n            <\/div> <!--.services-alt-->\r\n        <\/div><!--.tab-content-->\r\n           \r\n    \r\n    [\/vc_column][\/vc_row][vc_row el_class=&#8221;text-center vehicle-damage&#8221;][vc_column][vc_empty_space height=&#8221;48px&#8221;][vc_column_text]<\/p>\n<h2 class=\"h-lg\">Sie ben\u00f6tigen Hilfe? <span class=\"color\">Rufen Sie uns an!<\/span><\/h2>\n<p class=\"info\">Unser Team ist f\u00fcr Sie da.<\/p>\n<h2 class=\"h-phone\">0271 \/ 33 10 55<\/h2>\n<p>[\/vc_column_text]        <a class=\"btn btn-invert\" href=\"#\" data-toggle=\"modal\" data-target=\"#appointmentForm\"><span>Kontakt<\/span><\/a>\r\n        [\/vc_column][\/vc_row]<\/p>\n<\/div>","protected":false},"excerpt":{"rendered":"<p>[vc_row][vc_column][vc_column_text] F\u00fcr Sicherheit und Transparenz! Fahrzeuge, Oldtimer, Zubeh\u00f6r, Produkte, etc. [\/vc_column_text][\/vc_column][\/vc_row][vc_row el_class=&#8221;text-center vehicle-damage&#8221;][vc_column][vc_empty_space height=&#8221;48px&#8221;][vc_column_text] Sie ben\u00f6tigen Hilfe? Rufen Sie uns an! Unser Team ist f\u00fcr Sie da. 0271 \/ 33 10 55 [\/vc_column_text][\/vc_column][\/vc_row]<\/p>\n","protected":false},"author":1,"featured_media":0,"parent":0,"menu_order":0,"comment_status":"closed","ping_status":"closed","template":"","meta":{"footnotes":""},"class_list":["post-1824","page","type-page","status-publish","hentry"],"yoast_head":"<!-- This site is optimized with the Yoast SEO plugin v27.6 - https:\/\/yoast.com\/product\/yoast-seo-wordpress\/ -->\n<title>Gutachten - SV Demmer<\/title>\n<meta name=\"robots\" content=\"index, follow, max-snippet:-1, max-image-preview:large, max-video-preview:-1\" \/>\n<link rel=\"canonical\" href=\"https:\/\/svdemmer.de\/?page_id=1824\" \/>\n<meta property=\"og:locale\" content=\"de_DE\" \/>\n<meta property=\"og:type\" content=\"article\" \/>\n<meta property=\"og:title\" content=\"Gutachten - SV Demmer\" \/>\n<meta property=\"og:description\" content=\"[vc_row][vc_column][vc_column_text] F\u00fcr Sicherheit und Transparenz! Fahrzeuge, Oldtimer, Zubeh\u00f6r, Produkte, etc. [\/vc_column_text][\/vc_column][\/vc_row][vc_row el_class=&#8221;text-center vehicle-damage&#8221;][vc_column][vc_empty_space height=&#8221;48px&#8221;][vc_column_text] Sie ben\u00f6tigen Hilfe? Rufen Sie uns an! Unser Team ist f\u00fcr Sie da. 0271 \/ 33 10 55 [\/vc_column_text][\/vc_column][\/vc_row]\" \/>\n<meta property=\"og:url\" content=\"https:\/\/svdemmer.de\/?page_id=1824\" \/>\n<meta property=\"og:site_name\" content=\"SV Demmer\" \/>\n<meta property=\"article:modified_time\" content=\"2019-06-25T12:10:02+00:00\" \/>\n<meta name=\"twitter:card\" content=\"summary_large_image\" \/>\n<script type=\"application\/ld+json\" class=\"yoast-schema-graph\">{\"@context\":\"https:\\\/\\\/schema.org\",\"@graph\":[{\"@type\":\"WebPage\",\"@id\":\"https:\\\/\\\/svdemmer.de\\\/?page_id=1824\",\"url\":\"https:\\\/\\\/svdemmer.de\\\/?page_id=1824\",\"name\":\"Gutachten - SV Demmer\",\"isPartOf\":{\"@id\":\"https:\\\/\\\/svdemmer.de\\\/#website\"},\"datePublished\":\"2019-06-17T09:39:55+00:00\",\"dateModified\":\"2019-06-25T12:10:02+00:00\",\"breadcrumb\":{\"@id\":\"https:\\\/\\\/svdemmer.de\\\/?page_id=1824#breadcrumb\"},\"inLanguage\":\"de\",\"potentialAction\":[{\"@type\":\"ReadAction\",\"target\":[\"https:\\\/\\\/svdemmer.de\\\/?page_id=1824\"]}]},{\"@type\":\"BreadcrumbList\",\"@id\":\"https:\\\/\\\/svdemmer.de\\\/?page_id=1824#breadcrumb\",\"itemListElement\":[{\"@type\":\"ListItem\",\"position\":1,\"name\":\"Home\",\"item\":\"https:\\\/\\\/svdemmer.de\\\/\"},{\"@type\":\"ListItem\",\"position\":2,\"name\":\"Gutachten\"}]},{\"@type\":\"WebSite\",\"@id\":\"https:\\\/\\\/svdemmer.de\\\/#website\",\"url\":\"https:\\\/\\\/svdemmer.de\\\/\",\"name\":\"SV Demmer\",\"description\":\"Kfz-Sachverst\u00e4ndigenb\u00fcro\",\"potentialAction\":[{\"@type\":\"SearchAction\",\"target\":{\"@type\":\"EntryPoint\",\"urlTemplate\":\"https:\\\/\\\/svdemmer.de\\\/?s={search_term_string}\"},\"query-input\":{\"@type\":\"PropertyValueSpecification\",\"valueRequired\":true,\"valueName\":\"search_term_string\"}}],\"inLanguage\":\"de\"}]}<\/script>\n<!-- \/ Yoast SEO plugin. -->","yoast_head_json":{"title":"Gutachten - SV Demmer","robots":{"index":"index","follow":"follow","max-snippet":"max-snippet:-1","max-image-preview":"max-image-preview:large","max-video-preview":"max-video-preview:-1"},"canonical":"https:\/\/svdemmer.de\/?page_id=1824","og_locale":"de_DE","og_type":"article","og_title":"Gutachten - SV Demmer","og_description":"[vc_row][vc_column][vc_column_text] F\u00fcr Sicherheit und Transparenz! Fahrzeuge, Oldtimer, Zubeh\u00f6r, Produkte, etc. [\/vc_column_text][\/vc_column][\/vc_row][vc_row el_class=&#8221;text-center vehicle-damage&#8221;][vc_column][vc_empty_space height=&#8221;48px&#8221;][vc_column_text] Sie ben\u00f6tigen Hilfe? Rufen Sie uns an! Unser Team ist f\u00fcr Sie da. 0271 \/ 33 10 55 [\/vc_column_text][\/vc_column][\/vc_row]","og_url":"https:\/\/svdemmer.de\/?page_id=1824","og_site_name":"SV Demmer","article_modified_time":"2019-06-25T12:10:02+00:00","twitter_card":"summary_large_image","schema":{"@context":"https:\/\/schema.org","@graph":[{"@type":"WebPage","@id":"https:\/\/svdemmer.de\/?page_id=1824","url":"https:\/\/svdemmer.de\/?page_id=1824","name":"Gutachten - SV Demmer","isPartOf":{"@id":"https:\/\/svdemmer.de\/#website"},"datePublished":"2019-06-17T09:39:55+00:00","dateModified":"2019-06-25T12:10:02+00:00","breadcrumb":{"@id":"https:\/\/svdemmer.de\/?page_id=1824#breadcrumb"},"inLanguage":"de","potentialAction":[{"@type":"ReadAction","target":["https:\/\/svdemmer.de\/?page_id=1824"]}]},{"@type":"BreadcrumbList","@id":"https:\/\/svdemmer.de\/?page_id=1824#breadcrumb","itemListElement":[{"@type":"ListItem","position":1,"name":"Home","item":"https:\/\/svdemmer.de\/"},{"@type":"ListItem","position":2,"name":"Gutachten"}]},{"@type":"WebSite","@id":"https:\/\/svdemmer.de\/#website","url":"https:\/\/svdemmer.de\/","name":"SV Demmer","description":"Kfz-Sachverst\u00e4ndigenb\u00fcro","potentialAction":[{"@type":"SearchAction","target":{"@type":"EntryPoint","urlTemplate":"https:\/\/svdemmer.de\/?s={search_term_string}"},"query-input":{"@type":"PropertyValueSpecification","valueRequired":true,"valueName":"search_term_string"}}],"inLanguage":"de"}]}},"_links":{"self":[{"href":"https:\/\/svdemmer.de\/index.php?rest_route=\/wp\/v2\/pages\/1824","targetHints":{"allow":["GET"]}}],"collection":[{"href":"https:\/\/svdemmer.de\/index.php?rest_route=\/wp\/v2\/pages"}],"about":[{"href":"https:\/\/svdemmer.de\/index.php?rest_route=\/wp\/v2\/types\/page"}],"author":[{"embeddable":true,"href":"https:\/\/svdemmer.de\/index.php?rest_route=\/wp\/v2\/users\/1"}],"replies":[{"embeddable":true,"href":"https:\/\/svdemmer.de\/index.php?rest_route=%2Fwp%2Fv2%2Fcomments&post=1824"}],"version-history":[{"count":11,"href":"https:\/\/svdemmer.de\/index.php?rest_route=\/wp\/v2\/pages\/1824\/revisions"}],"predecessor-version":[{"id":2193,"href":"https:\/\/svdemmer.de\/index.php?rest_route=\/wp\/v2\/pages\/1824\/revisions\/2193"}],"wp:attachment":[{"href":"https:\/\/svdemmer.de\/index.php?rest_route=%2Fwp%2Fv2%2Fmedia&parent=1824"}],"curies":[{"name":"wp","href":"https:\/\/api.w.org\/{rel}","templated":true}]}}