{"id":1826,"date":"2019-06-17T11:40:32","date_gmt":"2019-06-17T09:40:32","guid":{"rendered":"http:\/\/svdemmer.de\/?page_id=1826"},"modified":"2026-05-12T12:32:53","modified_gmt":"2026-05-12T10:32:53","slug":"pruefleistungen","status":"publish","type":"page","link":"https:\/\/svdemmer.de\/?page_id=1826","title":{"rendered":"Pr\u00fcfleistungen"},"content":{"rendered":"<div class=\"wpb-content-wrapper\"><p>[vc_row][vc_column width=&#8221;1\/2&#8243;][vc_column_text css=&#8221;&#8221;]<\/p>\n<h2 class=\"headline font-special fontsize-xl fontweight-700 lh-inherit align-center transform-uppercase \" style=\"text-align: center;\"><span class=\"color\">Neue Plakette?<\/span><\/h2>\n<p class=\"info text-center\" style=\"text-align: center;\">Wir bringen Ihr Fahrzeug wieder auf die Stra\u00dfe.<\/p>\n<p>[\/vc_column_text][vc_column_text]<\/p>\n<h5 class=\"headline font-special fontsize-xl fontweight-700 lh-inherit align-center transform-uppercase \" style=\"text-align: center;\">offizieller Partner des T\u00dcV Hessen.<\/h5>\n<p>[\/vc_column_text][\/vc_column][vc_column width=&#8221;1\/2&#8243;][vc_single_image image=&#8221;2415&#8243; img_size=&#8221;full&#8221; alignment=&#8221;center&#8221;][\/vc_column][vc_column]    <div class=\"tab-content\">\r\n\r\n                <div class=\"row services-alt tab-pane fade active in\" id=\"services1\">\r\n                                <!-- post -->\r\n\r\n\t\t\t\t\t\r\n                    <div class=\"services-block-alt col-xs-6 col-sm-6 col-md-6\">\r\n                                            <div class=\"image\">\r\n                                                        <a href=\"https:\/\/svdemmer.de\/?car_services=hauptuntersuchung\" class=\"image-scale-color\">\r\n                                <img fetchpriority=\"high\" decoding=\"async\" width=\"357\" height=\"242\" src=\"https:\/\/svdemmer.de\/wp-content\/uploads\/2016\/03\/Slider_Demmer010-357x242.jpg\" class=\"img-responsive-inline wp-post-image\" alt=\"\" \/>                            <\/a>\r\n                                                        \t\t\t\t\t\t\t\t<i class=\"icon icon-check\"><\/i>\r\n\t\t\t\t\t\t\t                            \r\n                        <\/div>\r\n                        <div class=\"caption\">\r\n                            <h3 class=\"title\">Hauptuntersuchung<\/h3>\r\n                            <div class=\"text\">\r\n                                die Hauptuntersuchung gem\u00e4\u00df \u00a7 29 StVZO mit integrierter \u201eAbgasuntersuchung\u201c.                            <\/div>\r\n                                                            <a href=\"https:\/\/svdemmer.de\/?car_services=hauptuntersuchung\" class=\"services-link icon-arrowhead-pointing-to-the-right\"><\/a>\r\n                            \r\n                        <\/div>\r\n                                            <\/div>\r\n\t\t\t\t\t\r\n                                        <!-- post -->\r\n\r\n\t\t\t\t\t\r\n                    <div class=\"services-block-alt col-xs-6 col-sm-6 col-md-6\">\r\n                                            <div class=\"image\">\r\n                                                        <a href=\"https:\/\/svdemmer.de\/?car_services=abnahmen\" class=\"image-scale-color\">\r\n                                <img decoding=\"async\" width=\"357\" height=\"242\" src=\"https:\/\/svdemmer.de\/wp-content\/uploads\/2016\/03\/Slider_Demmer007-357x242.jpg\" class=\"img-responsive-inline wp-post-image\" alt=\"\" \/>                            <\/a>\r\n                                                        \t\t\t\t\t\t\t\t<i class=\"icon icon-car-wheel\"><\/i>\r\n\t\t\t\t\t\t\t                            \r\n                        <\/div>\r\n                        <div class=\"caption\">\r\n                            <h3 class=\"title\">\u00c4nderungsabnahmen<\/h3>\r\n                            <div class=\"text\">\r\n                                Wir f\u00fchren \u00c4nderungsabnahmen gem\u00e4\u00df \u00a7 19 (3) StVZO durch.                            <\/div>\r\n                                                            <a href=\"https:\/\/svdemmer.de\/?car_services=abnahmen\" class=\"services-link icon-arrowhead-pointing-to-the-right\"><\/a>\r\n                            \r\n                        <\/div>\r\n                                            <\/div>\r\n\t\t\t\t\t\r\n                                        <!-- post -->\r\n\r\n\t\t\t\t\t\r\n                    <div class=\"services-block-alt col-xs-6 col-sm-6 col-md-6\">\r\n                                            <div class=\"image\">\r\n                                                        <a href=\"https:\/\/svdemmer.de\/?car_services=oldtimerbegutachtung\" class=\"image-scale-color\">\r\n                                <img decoding=\"async\" width=\"357\" height=\"242\" src=\"https:\/\/svdemmer.de\/wp-content\/uploads\/2016\/03\/Slider_Demmer018-357x242.jpg\" class=\"img-responsive-inline wp-post-image\" alt=\"\" \/>                            <\/a>\r\n                                                        \t\t\t\t\t\t\t\t<i class=\"icon icon-wrench\"><\/i>\r\n\t\t\t\t\t\t\t                            \r\n                        <\/div>\r\n                        <div class=\"caption\">\r\n                            <h3 class=\"title\">Oldtimerbegutachtung<\/h3>\r\n                            <div class=\"text\">\r\n                                Wir f\u00fchren Oldtimerbegutachtung (H-Kennzeichen) gem\u00e4\u00df \u00a7 23 StVZO durch.                            <\/div>\r\n                                                            <a href=\"https:\/\/svdemmer.de\/?car_services=oldtimerbegutachtung\" class=\"services-link icon-arrowhead-pointing-to-the-right\"><\/a>\r\n                            \r\n                        <\/div>\r\n                                            <\/div>\r\n\t\t\t\t\t\r\n                                        <!-- post -->\r\n\r\n\t\t\t\t\t\r\n                    <div class=\"services-block-alt col-xs-6 col-sm-6 col-md-6\">\r\n                                            <div class=\"image\">\r\n                                                        <a href=\"https:\/\/svdemmer.de\/?car_services=umweltplaketten\" class=\"image-scale-color\">\r\n                                <img loading=\"lazy\" decoding=\"async\" width=\"357\" height=\"242\" src=\"https:\/\/svdemmer.de\/wp-content\/uploads\/2017\/03\/umwelt-357x242.jpg\" class=\"img-responsive-inline wp-post-image\" alt=\"\" \/>                            <\/a>\r\n                                                        \t\t\t\t\t\t\t\t<i class=\"icon icon-exhaust-pipe\"><\/i>\r\n\t\t\t\t\t\t\t                            \r\n                        <\/div>\r\n                        <div class=\"caption\">\r\n                            <h3 class=\"title\">Umweltplaketten<\/h3>\r\n                            <div class=\"text\">\r\n                                Die Umweltplakette erhalten Sie g\u00fcnstig und schnell an unserer Pr\u00fcfstelle.                            <\/div>\r\n                                                            <a href=\"https:\/\/svdemmer.de\/?car_services=umweltplaketten\" class=\"services-link icon-arrowhead-pointing-to-the-right\"><\/a>\r\n                            \r\n                        <\/div>\r\n                                            <\/div>\r\n\t\t\t\t\t\r\n                                        <!-- post -->\r\n\r\n\t\t\t\t\t\r\n                    <div class=\"services-block-alt col-xs-6 col-sm-6 col-md-6\">\r\n                                            <div class=\"image\">\r\n                                                        <a href=\"https:\/\/svdemmer.de\/?car_services=gaspruefung\" class=\"image-scale-color\">\r\n                                <img loading=\"lazy\" decoding=\"async\" width=\"357\" height=\"242\" src=\"https:\/\/svdemmer.de\/wp-content\/uploads\/2016\/03\/Slider_Demmer011-357x242.jpg\" class=\"img-responsive-inline wp-post-image\" alt=\"\" \/>                            <\/a>\r\n                                                        \t\t\t\t\t\t\t\t<i class=\"icon icon-engine\"><\/i>\r\n\t\t\t\t\t\t\t                            \r\n                        <\/div>\r\n                        <div class=\"caption\">\r\n                            <h3 class=\"title\">Fl\u00fcssiggaspr\u00fcfung f\u00fcr Wohnwagen<\/h3>\r\n                            <div class=\"text\">\r\n                                Wir f\u00fchren Fl\u00fcssiggaspr\u00fcfung f\u00fcr Wohnwagen und Wohnmobile nach G607 durch.                            <\/div>\r\n                                                            <a href=\"https:\/\/svdemmer.de\/?car_services=gaspruefung\" class=\"services-link icon-arrowhead-pointing-to-the-right\"><\/a>\r\n                            \r\n                        <\/div>\r\n                                            <\/div>\r\n\t\t\t\t\t\r\n                                        <!-- post -->\r\n\r\n\t\t\t\t\t\r\n                    <div class=\"services-block-alt col-xs-6 col-sm-6 col-md-6\">\r\n                                            <div class=\"image\">\r\n                                                        <a href=\"https:\/\/svdemmer.de\/?car_services=sicherheitspruefung\" class=\"image-scale-color\">\r\n                                <img loading=\"lazy\" decoding=\"async\" width=\"357\" height=\"242\" src=\"https:\/\/svdemmer.de\/wp-content\/uploads\/2016\/03\/Slider_Demmer015-357x242.jpg\" class=\"img-responsive-inline wp-post-image\" alt=\"\" \/>                            <\/a>\r\n                                                        \t\t\t\t\t\t\t\t<i class=\"icon icon-tool\"><\/i>\r\n\t\t\t\t\t\t\t                            \r\n                        <\/div>\r\n                        <div class=\"caption\">\r\n                            <h3 class=\"title\">Sicherheitspr\u00fcfungen f\u00fcr LKW und Busse<\/h3>\r\n                            <div class=\"text\">\r\n                                flexibel und unkompliziert nach den gesetzlichen Bestimmungen.                            <\/div>\r\n                                                            <a href=\"https:\/\/svdemmer.de\/?car_services=sicherheitspruefung\" class=\"services-link icon-arrowhead-pointing-to-the-right\"><\/a>\r\n                            \r\n                        <\/div>\r\n                                            <\/div>\r\n\t\t\t\t\t\r\n                                    <!-- post navigation -->\r\n            <\/div> <!--.services-alt-->\r\n        <\/div><!--.tab-content-->\r\n           \r\n    \r\n    [\/vc_column][\/vc_row][vc_row el_class=&#8221;text-center vehicle-damage&#8221;][vc_column][vc_empty_space height=&#8221;48px&#8221;][vc_column_text]<\/p>\n<h2 class=\"h-lg\">Sie ben\u00f6tigen Hilfe? <span class=\"color\">Rufen Sie uns an!<\/span><\/h2>\n<p class=\"info\">Unser Team ist f\u00fcr Sie da.<\/p>\n<h2 class=\"h-phone\">0271 \/ 33 10 55<\/h2>\n<p>[\/vc_column_text]        <a class=\"btn btn-invert\" href=\"#\" data-toggle=\"modal\" data-target=\"#appointmentForm\"><span>Kontakt<\/span><\/a>\r\n        [\/vc_column][\/vc_row]<\/p>\n<\/div>","protected":false},"excerpt":{"rendered":"<p>[vc_row][vc_column width=&#8221;1\/2&#8243;][vc_column_text css=&#8221;&#8221;] Neue Plakette? Wir bringen Ihr Fahrzeug wieder auf die Stra\u00dfe. [\/vc_column_text][vc_column_text] offizieller Partner des T\u00dcV Hessen. [\/vc_column_text][\/vc_column][vc_column width=&#8221;1\/2&#8243;][vc_single_image image=&#8221;2415&#8243; img_size=&#8221;full&#8221; alignment=&#8221;center&#8221;][\/vc_column][vc_column][\/vc_column][\/vc_row][vc_row el_class=&#8221;text-center vehicle-damage&#8221;][vc_column][vc_empty_space height=&#8221;48px&#8221;][vc_column_text] Sie ben\u00f6tigen Hilfe? Rufen Sie uns an! Unser Team ist f\u00fcr Sie da. 0271 \/ 33 10 55 [\/vc_column_text][\/vc_column][\/vc_row]<\/p>\n","protected":false},"author":1,"featured_media":0,"parent":0,"menu_order":0,"comment_status":"closed","ping_status":"closed","template":"","meta":{"footnotes":""},"class_list":["post-1826","page","type-page","status-publish","hentry"],"yoast_head":"<!-- This site is optimized with the Yoast SEO plugin v27.6 - https:\/\/yoast.com\/product\/yoast-seo-wordpress\/ -->\n<title>Pr\u00fcfleistungen - SV Demmer<\/title>\n<meta name=\"robots\" content=\"index, follow, max-snippet:-1, max-image-preview:large, max-video-preview:-1\" \/>\n<link rel=\"canonical\" href=\"https:\/\/svdemmer.de\/?page_id=1826\" \/>\n<meta property=\"og:locale\" content=\"de_DE\" \/>\n<meta property=\"og:type\" content=\"article\" \/>\n<meta property=\"og:title\" content=\"Pr\u00fcfleistungen - SV Demmer\" \/>\n<meta property=\"og:description\" content=\"[vc_row][vc_column width=&#8221;1\/2&#8243;][vc_column_text css=&#8221;&#8221;] Neue Plakette? Wir bringen Ihr Fahrzeug wieder auf die Stra\u00dfe. [\/vc_column_text][vc_column_text] offizieller Partner des T\u00dcV Hessen. [\/vc_column_text][\/vc_column][vc_column width=&#8221;1\/2&#8243;][vc_single_image image=&#8221;2415&#8243; img_size=&#8221;full&#8221; alignment=&#8221;center&#8221;][\/vc_column][vc_column][\/vc_column][\/vc_row][vc_row el_class=&#8221;text-center vehicle-damage&#8221;][vc_column][vc_empty_space height=&#8221;48px&#8221;][vc_column_text] Sie ben\u00f6tigen Hilfe? Rufen Sie uns an! Unser Team ist f\u00fcr Sie da. 0271 \/ 33 10 55 [\/vc_column_text][\/vc_column][\/vc_row]\" \/>\n<meta property=\"og:url\" content=\"https:\/\/svdemmer.de\/?page_id=1826\" \/>\n<meta property=\"og:site_name\" content=\"SV Demmer\" \/>\n<meta property=\"article:modified_time\" content=\"2026-05-12T10:32:53+00:00\" \/>\n<meta name=\"twitter:card\" content=\"summary_large_image\" \/>\n<meta name=\"twitter:label1\" content=\"Gesch\u00e4tzte Lesezeit\" \/>\n\t<meta name=\"twitter:data1\" content=\"1\u00a0Minute\" \/>\n<script type=\"application\/ld+json\" class=\"yoast-schema-graph\">{\"@context\":\"https:\\\/\\\/schema.org\",\"@graph\":[{\"@type\":\"WebPage\",\"@id\":\"https:\\\/\\\/svdemmer.de\\\/?page_id=1826\",\"url\":\"https:\\\/\\\/svdemmer.de\\\/?page_id=1826\",\"name\":\"Pr\u00fcfleistungen - SV Demmer\",\"isPartOf\":{\"@id\":\"https:\\\/\\\/svdemmer.de\\\/#website\"},\"datePublished\":\"2019-06-17T09:40:32+00:00\",\"dateModified\":\"2026-05-12T10:32:53+00:00\",\"breadcrumb\":{\"@id\":\"https:\\\/\\\/svdemmer.de\\\/?page_id=1826#breadcrumb\"},\"inLanguage\":\"de\",\"potentialAction\":[{\"@type\":\"ReadAction\",\"target\":[\"https:\\\/\\\/svdemmer.de\\\/?page_id=1826\"]}]},{\"@type\":\"BreadcrumbList\",\"@id\":\"https:\\\/\\\/svdemmer.de\\\/?page_id=1826#breadcrumb\",\"itemListElement\":[{\"@type\":\"ListItem\",\"position\":1,\"name\":\"Home\",\"item\":\"https:\\\/\\\/svdemmer.de\\\/\"},{\"@type\":\"ListItem\",\"position\":2,\"name\":\"Pr\u00fcfleistungen\"}]},{\"@type\":\"WebSite\",\"@id\":\"https:\\\/\\\/svdemmer.de\\\/#website\",\"url\":\"https:\\\/\\\/svdemmer.de\\\/\",\"name\":\"SV Demmer\",\"description\":\"Kfz-Sachverst\u00e4ndigenb\u00fcro\",\"potentialAction\":[{\"@type\":\"SearchAction\",\"target\":{\"@type\":\"EntryPoint\",\"urlTemplate\":\"https:\\\/\\\/svdemmer.de\\\/?s={search_term_string}\"},\"query-input\":{\"@type\":\"PropertyValueSpecification\",\"valueRequired\":true,\"valueName\":\"search_term_string\"}}],\"inLanguage\":\"de\"}]}<\/script>\n<!-- \/ Yoast SEO plugin. -->","yoast_head_json":{"title":"Pr\u00fcfleistungen - SV Demmer","robots":{"index":"index","follow":"follow","max-snippet":"max-snippet:-1","max-image-preview":"max-image-preview:large","max-video-preview":"max-video-preview:-1"},"canonical":"https:\/\/svdemmer.de\/?page_id=1826","og_locale":"de_DE","og_type":"article","og_title":"Pr\u00fcfleistungen - SV Demmer","og_description":"[vc_row][vc_column width=&#8221;1\/2&#8243;][vc_column_text css=&#8221;&#8221;] Neue Plakette? Wir bringen Ihr Fahrzeug wieder auf die Stra\u00dfe. [\/vc_column_text][vc_column_text] offizieller Partner des T\u00dcV Hessen. [\/vc_column_text][\/vc_column][vc_column width=&#8221;1\/2&#8243;][vc_single_image image=&#8221;2415&#8243; img_size=&#8221;full&#8221; alignment=&#8221;center&#8221;][\/vc_column][vc_column][\/vc_column][\/vc_row][vc_row el_class=&#8221;text-center vehicle-damage&#8221;][vc_column][vc_empty_space height=&#8221;48px&#8221;][vc_column_text] Sie ben\u00f6tigen Hilfe? Rufen Sie uns an! Unser Team ist f\u00fcr Sie da. 0271 \/ 33 10 55 [\/vc_column_text][\/vc_column][\/vc_row]","og_url":"https:\/\/svdemmer.de\/?page_id=1826","og_site_name":"SV Demmer","article_modified_time":"2026-05-12T10:32:53+00:00","twitter_card":"summary_large_image","twitter_misc":{"Gesch\u00e4tzte Lesezeit":"1\u00a0Minute"},"schema":{"@context":"https:\/\/schema.org","@graph":[{"@type":"WebPage","@id":"https:\/\/svdemmer.de\/?page_id=1826","url":"https:\/\/svdemmer.de\/?page_id=1826","name":"Pr\u00fcfleistungen - SV Demmer","isPartOf":{"@id":"https:\/\/svdemmer.de\/#website"},"datePublished":"2019-06-17T09:40:32+00:00","dateModified":"2026-05-12T10:32:53+00:00","breadcrumb":{"@id":"https:\/\/svdemmer.de\/?page_id=1826#breadcrumb"},"inLanguage":"de","potentialAction":[{"@type":"ReadAction","target":["https:\/\/svdemmer.de\/?page_id=1826"]}]},{"@type":"BreadcrumbList","@id":"https:\/\/svdemmer.de\/?page_id=1826#breadcrumb","itemListElement":[{"@type":"ListItem","position":1,"name":"Home","item":"https:\/\/svdemmer.de\/"},{"@type":"ListItem","position":2,"name":"Pr\u00fcfleistungen"}]},{"@type":"WebSite","@id":"https:\/\/svdemmer.de\/#website","url":"https:\/\/svdemmer.de\/","name":"SV Demmer","description":"Kfz-Sachverst\u00e4ndigenb\u00fcro","potentialAction":[{"@type":"SearchAction","target":{"@type":"EntryPoint","urlTemplate":"https:\/\/svdemmer.de\/?s={search_term_string}"},"query-input":{"@type":"PropertyValueSpecification","valueRequired":true,"valueName":"search_term_string"}}],"inLanguage":"de"}]}},"_links":{"self":[{"href":"https:\/\/svdemmer.de\/index.php?rest_route=\/wp\/v2\/pages\/1826","targetHints":{"allow":["GET"]}}],"collection":[{"href":"https:\/\/svdemmer.de\/index.php?rest_route=\/wp\/v2\/pages"}],"about":[{"href":"https:\/\/svdemmer.de\/index.php?rest_route=\/wp\/v2\/types\/page"}],"author":[{"embeddable":true,"href":"https:\/\/svdemmer.de\/index.php?rest_route=\/wp\/v2\/users\/1"}],"replies":[{"embeddable":true,"href":"https:\/\/svdemmer.de\/index.php?rest_route=%2Fwp%2Fv2%2Fcomments&post=1826"}],"version-history":[{"count":34,"href":"https:\/\/svdemmer.de\/index.php?rest_route=\/wp\/v2\/pages\/1826\/revisions"}],"predecessor-version":[{"id":2752,"href":"https:\/\/svdemmer.de\/index.php?rest_route=\/wp\/v2\/pages\/1826\/revisions\/2752"}],"wp:attachment":[{"href":"https:\/\/svdemmer.de\/index.php?rest_route=%2Fwp%2Fv2%2Fmedia&parent=1826"}],"curies":[{"name":"wp","href":"https:\/\/api.w.org\/{rel}","templated":true}]}}